{"id":2095,"date":"2013-09-20T16:30:28","date_gmt":"2013-09-20T16:30:28","guid":{"rendered":"https:\/\/11bienal.dreamhosters.com?page_id=2095"},"modified":"2022-02-08T13:03:32","modified_gmt":"2022-02-08T16:03:32","slug":"conversations-with-the-artists","status":"publish","type":"page","link":"https:\/\/11.bienaldeartesmediales.cl\/en\/conversations-with-the-artists\/","title":{"rendered":"Conversations with the artists"},"content":{"rendered":"<p>A moment for more a relaxed and intimate dialogue with the artists participating at the 11 BAM, where visitors will have the opportunity to talk , exchange ideas and answer questions based on the research and creative process of each project. They will be held at the Lounge of the BAM, located in the lobby of the National Museum of Fine Arts.<br \/>\n<b><em>3 OCTOBER<br \/>\n<\/em><\/b>16:00 hrs.<br \/>\n<a href=\"https:\/\/11bienal.dreamhosters.comartista\/olga-mesa\/\" target=\"_blank\" rel=\"noopener\">Olga Me<\/a><a title=\"Olga Mesa\" href=\"\/?p=2292\">sa + Francisco Ruiz de Infante<\/a>&nbsp;(<a title=\"Carmen \/ Shakespeare\" href=\"\/?p=2300\">Carmen\/Shakespeare<\/a>&nbsp;\/ Transarte, Frac Lorraine, es)<br \/>\n<em><b>4&nbsp;<b><em>OCTOBER<\/em><\/b><\/b><\/em><br \/>\n<em>12:00 hrs.<br \/>\n<\/em><a href=\"\/?p=1678\" target=\"_blank\" rel=\"noopener\">Marco Godinho<\/a>&nbsp;(Endless Time Searching #2 \/Transarte, Frac Lorraine \/ pt)<br \/>\n<em><b>8&nbsp;<b><em>OCTOBER<\/em><\/b><\/b><\/em><b><br \/>\n<\/b>12:00 hrs.<em><br \/>\n<\/em><a href=\"https:\/\/11bienal.dreamhosters.comartista\/claudia-gonzalez\/\" target=\"_blank\" rel=\"noopener\">Claudia Gonz\u00e1lez<\/a>&nbsp;(<a title=\"Wonderful machine\" href=\"\/?p=2141\">Wonderful Machine<\/a>&nbsp;\/ cl)<br \/>\n&#8211;<br \/>\n16:00 hrs.<em><br \/>\n<\/em><a href=\"https:\/\/11bienal.dreamhosters.comartista\/enrique-ramirez\/\" target=\"_blank\" rel=\"noopener\">Enrique Ram\u00edrez<\/a>&nbsp;(<a title=\"Oc\u00e9an, 33\u00b002\u201947\u2019\u2019 S \/ 52\u00b004\u201900\u2019\u2019N\" href=\"\/?p=149\">Oc\u00e9an<\/a><a title=\"Oc\u00e9an, 33\u00b002\u201947\u2019\u2019 S \/ 52\u00b004\u201900\u2019\u2019N\" href=\"\/?p=149\">, 33\u00ba 02\u2019 47\u201d S \/ 52\u00ba 04\u2019 00\u201d N<\/a>&nbsp;\/ cl-fr)<br \/>\n<em><b>9&nbsp;<b><em>OCTOBER<\/em><\/b><\/b><\/em><b><br \/>\n<\/b>12:00 hrs<em>.<br \/>\n<\/em><a href=\"https:\/\/11bienal.dreamhosters.comartista\/colectivo-ultima-esperanza\/\" target=\"_blank\" rel=\"noopener\">Colectivo \u00daltima Esperanza<\/a>&nbsp;(Nataniel Alvarez, Sandra Ulloa, Eduardo Vel\u00e1squez, Marco Martinez, Ricardo Mansilla, Patricio Salgado \/ cl)<br \/>\n&#8211;<br \/>\n<em>16:00 hrs.<br \/>\n<\/em><a href=\"https:\/\/11bienal.dreamhosters.comignaciocuevas\" target=\"_blank\" rel=\"noopener\">Ignacio Cuevas<\/a>&nbsp;(<a title=\"Strength\" href=\"\/?p=164\">Strength<\/a>&nbsp;\/ cl)<br \/>\n<em><b>10&nbsp;<b><em>OCTOBER<\/em><\/b><\/b><\/em><br \/>\n12:00 hrs.<em><br \/>\n<\/em><a href=\"https:\/\/11bienal.dreamhosters.comreginaldemiguel\" target=\"_blank\" rel=\"noopener\">Regina de Miguel<\/a>&nbsp;(<a title=\"El conocimiento nunca viene solo\" href=\"\/?p=1211\">El conocimiento nunca viene solo<\/a>&nbsp;\/ es)<br \/>\n<em>&#8211;<br \/>\n<\/em>16:00 hrs.<em><br \/>\n<\/em><a href=\"\/?p=1226\" target=\"_blank\" rel=\"noopener\">Geraldine Mackinnon<\/a>&nbsp;(<a title=\"La Conversaci\u00f3n\" href=\"\/?p=1586\">La conversaci\u00f3n<\/a>&nbsp;\/ cl)<br \/>\n<b><em>11&nbsp;<b><em>OCTOBER<\/em><\/b><\/em><br \/>\n<\/b>12:00 hrs.<em><br \/>\n<\/em><a title=\"Gabriel del Favero\" href=\"\/?p=145\">Gabriel del Favero<\/a>&nbsp;(<a title=\"Monument Blues\" href=\"\/?p=194\">Monument Blues<\/a>&nbsp;\/ cl)<br \/>\n<b><em>12&nbsp;<b><em>OCTOBER<\/em><\/b><\/em><br \/>\n<\/b>12:00 hrs.<em><br \/>\n<\/em><a title=\"Gonzalo Ram\u00edrez\" href=\"\/?p=137\">Gonzalo Ram\u00edrez<\/a>&nbsp;(<a title=\"Bin\u00a2ent II\" href=\"\/?p=152\">Bin\u00a2ent II<\/a>, Chile)<br \/>\n&#8211;<br \/>\n16:00 hrs.<em><br \/>\n<\/em><a title=\"Leonardo Portus\" href=\"\/?p=712\">Leonardo Portus<\/a>&nbsp;(<a title=\"Cuando el futuro nos alcance\" href=\"\/?p=713\">Cuando el futuro nos alcance<\/a>&nbsp;\/ cl)<br \/>\n<b><em>15&nbsp;<b><em>OCTOBER<\/em><\/b><\/em><br \/>\n<\/b>16:00 hrs.&nbsp;<em><br \/>\n<\/em><a title=\"Millaray Lobos\" href=\"\/?p=629\">Millaray Lobos<\/a>&nbsp;(<a title=\"Podcast: traducciones radiales\" href=\"\/?p=941\">Podcast: Sobre las espaldas de los gigantes<\/a>, fr-cl)<br \/>\n<b><em>16&nbsp;<b><em>OCTOBER<\/em><\/b><\/em><br \/>\n<\/b>16:00 hrs.<br \/>\n<a title=\"Rodrigo Araya\" href=\"\/?p=147\">Rodrigo Araya<\/a>&nbsp;(<a title=\"El planetario indefinido\" href=\"\/?p=1055\">El planetario indefinido<\/a>&nbsp;\/ cl)<br \/>\n<b><em>18&nbsp;<b><em>OCTOBER<\/em><\/b><\/em><br \/>\n<\/b>16:00 hrs.<em><br \/>\n<\/em><a title=\"Matthew Neary\" href=\"\/?p=1060\">Matthew Neary<\/a>&nbsp;<a title=\"La papita\" href=\"\/?p=1064\">(La papita<\/a>&nbsp;\/ Chile)<br \/>\n<b><em>20&nbsp;<b><em>OCTOBER<\/em><\/b><\/em><br \/>\n<\/b>16:00 hrs.<em><br \/>\n<\/em><a title=\"MICH (Museo Internacional de Chile)\" href=\"\/?p=146\">MICH<\/a>&nbsp;(<a title=\"Sat\u00e9lite de madera\" href=\"\/?p=701\">Sat\u00e9lite de madera<\/a>&nbsp;\/ cl)<br \/>\n<b><em>23&nbsp;<b><em>OCTOBER<\/em><\/b><\/em><br \/>\n<\/b>16:00 hrs.<br \/>\n<a title=\"Rodrigo Arteaga\" href=\"\/?p=1256\">Rodrigo Arteaga<\/a>&nbsp;(<a title=\"Convergencias\" href=\"\/?p=2252\">Convergencia<\/a><a title=\"Convergencias\" href=\"\/?p=2252\">s<\/a>&nbsp;\/ cl)<br \/>\n<b><em>25&nbsp;<b><em>OCTOBER<\/em><\/b><\/em><br \/>\n<\/b>16:00 hrs.<br \/>\n<a title=\"Viviana \u00c1lvarez Chom\u00f3n\" href=\"\/?p=1741\">Viviana \u00c1lvarez<\/a>&nbsp;(<a title=\"Web f\u00edsica \u2013 C\u00f3digo abierto\" href=\"\/?p=1742\">Web f\u00edsica &#8211; C\u00f3digo abierto<\/a>&nbsp;\/ cl)<br \/>\n<b><em>26&nbsp;<b><em>OCTOBER<\/em><\/b><\/em><br \/>\n<\/b>16:00 hrs.<em><br \/>\n<\/em><a title=\"Sebasti\u00e1n Jatz\" href=\"\/?p=134\">Sebasti\u00e1n Jatz<\/a>&nbsp;(<a title=\"Eumycota\" href=\"\/?p=158\">Eumycota<\/a>&nbsp;\/ cl)<br \/>\n<b><em>27&nbsp;<b><em>OCTOBER<\/em><\/b><\/em><br \/>\n<\/b>16:00 hrs.<br \/>\n<a title=\"Cristobal Le\u00f3n y Joaqu\u00edn Coci\u00f1a\" href=\"\/?p=139\">Crist\u00f3bal Le\u00f3n &amp; Joaquin Coci\u00f1a<\/a>&nbsp;(<a title=\"La casa lobo \/ Taller-set 1\" href=\"\/?p=159\">La Casa Lobo &#8211; MNBA<\/a>&nbsp;\/ cl)<br \/>\n<b><em>8 NOVEMBER<\/em><br \/>\n<\/b>16:00 hrs.<em><br \/>\n<\/em><a title=\"Francisca Garc\u00eda\" href=\"\/?p=143\">Francisca Garc\u00eda<\/a>&nbsp;(<a title=\"Calor Oscuro\" href=\"\/?p=286\">Calor oscuro<\/a>&nbsp;\/ cl)<br \/>\n<b><em>12&nbsp;<b><em>NOVEMBER<\/em><\/b><\/em><br \/>\n<\/b>16:00 hrs.<br \/>\n<a title=\"Constanza Gazmuri\" href=\"\/?p=1386\">Constanza Gazmur<\/a><a title=\"Constanza Gazmuri\" href=\"\/?p=1386\">i<\/a>&nbsp;(\u00bfY si m\u00e1s all\u00e1 de ese lugar no existe nada s\u00f3lo la sensaci\u00f3n de algo?\/ cl)<br \/>\n<b><em>14&nbsp;<b><em>NOVEMBER<\/em><\/b><\/em><br \/>\n<\/b>16:00 hrs.<br \/>\n<a title=\"Cristi\u00e1n Lira\" href=\"\/?p=1035\">Cristi\u00e1n Lira<\/a>&nbsp;(<a title=\"Cyberfolk\" href=\"\/?p=1039\">Cyberfolk<\/a>&nbsp;\/ Chile)<\/p>\n","protected":false},"excerpt":{"rendered":"<p>A moment for more a relaxed and intimate dialogue with the artists participating at the 11 BAM, where visitors will have the opportunity to talk , exchange ideas and answer questions based on the research and creative process of each project. They will be held at the Lounge of the BAM, located in the lobby [&hellip;]<\/p>\n","protected":false},"author":1,"featured_media":0,"parent":0,"menu_order":0,"comment_status":"closed","ping_status":"closed","template":"","meta":{"footnotes":""},"class_list":["post-2095","page","type-page","status-publish","hentry"],"_links":{"self":[{"href":"https:\/\/11.bienaldeartesmediales.cl\/en\/wp-json\/wp\/v2\/pages\/2095","targetHints":{"allow":["GET"]}}],"collection":[{"href":"https:\/\/11.bienaldeartesmediales.cl\/en\/wp-json\/wp\/v2\/pages"}],"about":[{"href":"https:\/\/11.bienaldeartesmediales.cl\/en\/wp-json\/wp\/v2\/types\/page"}],"author":[{"embeddable":true,"href":"https:\/\/11.bienaldeartesmediales.cl\/en\/wp-json\/wp\/v2\/users\/1"}],"replies":[{"embeddable":true,"href":"https:\/\/11.bienaldeartesmediales.cl\/en\/wp-json\/wp\/v2\/comments?post=2095"}],"version-history":[{"count":1,"href":"https:\/\/11.bienaldeartesmediales.cl\/en\/wp-json\/wp\/v2\/pages\/2095\/revisions"}],"predecessor-version":[{"id":3124,"href":"https:\/\/11.bienaldeartesmediales.cl\/en\/wp-json\/wp\/v2\/pages\/2095\/revisions\/3124"}],"wp:attachment":[{"href":"https:\/\/11.bienaldeartesmediales.cl\/en\/wp-json\/wp\/v2\/media?parent=2095"}],"curies":[{"name":"wp","href":"https:\/\/api.w.org\/{rel}","templated":true}]}}