{"id":1989,"date":"2013-09-16T21:41:39","date_gmt":"2013-09-16T21:41:39","guid":{"rendered":"https:\/\/11bienal.dreamhosters.com?page_id=1989"},"modified":"2022-02-08T13:07:30","modified_gmt":"2022-02-08T16:07:30","slug":"performances-2","status":"publish","type":"page","link":"https:\/\/11.bienaldeartesmediales.cl\/en\/performances-2\/","title":{"rendered":"Performances"},"content":{"rendered":"<p style=\"text-align: justify\">The performance series is developed as an integration of body and medial device in relation to various technologies &#8211; analog and digital &#8211; that represent the evolution of humans and machines faced globally distributed information on networks. An important partnership between the Museum Frac Lorraine , the Department of Theatre and Dance at the University of Chile and Media Art Biennale is set to this instance, which will provide important national and international exponents . Local artists also developed a number of shares distributed throughout the Biennial, in the National Museum of Fine Arts and in various locations .<\/p>\n<p><em><b>3 OCTUBRE<\/b><\/em><br \/>\n<b>Endless time searching #2<i>&nbsp;<\/i><\/b>(Transarte, Frac Lorraine)<b><br \/>\n<\/b><a title=\"Marco Godinho\" href=\"\/?p=1678\">Marco Godinho<\/a>&nbsp;(pt)<br \/>\nHall MNBA<b>&nbsp;\/&nbsp;<\/b>10:00 a 18:00 hrs.<br \/>\n<b>&#8211;<br \/>\n<\/b><b>Acci\u00f3n p\u00fablica, p\u00fablica!<i><br \/>\n<\/i><\/b><a title=\"Sybil Brintrup\" href=\"\/?p=1696\">Sybil Brintrup<\/a>&nbsp;(cl)<br \/>\nHall MNBA&nbsp;\/ 19:30 hrs.<br \/>\n<b><em>4 OCTUBRE<\/em><br \/>\n<\/b><b>Duchesses<\/b>&nbsp;(35&#8242;)<br \/>\n<a title=\"Fran\u00e7ois Chaignaud\" href=\"\/?p=2360\">Fran\u00e7ois Chaignaud<\/a>&nbsp;y&nbsp;<a title=\"Marie-Caroline Hominal\" href=\"\/?p=2368\">Marie Caroline Homina<\/a>l (Transarte, Frac Lorraine \/ fr)<br \/>\nSal\u00f3n Jos\u00e9 Miguel Blanco&nbsp;\/ 20:00 hrs.<br \/>\n&#8211;<br \/>\n<b>Carmen\/Shakespeare. Performance audiovisual \u201cPrends garde \u00e0 toi?\u201d&nbsp;<\/b>(\u00bfTen cuidado de ti mismo?)<b><br \/>\n<\/b><a title=\"Olga Mesa\" href=\"\/?p=2292\">Olga Mesa \u2013 Francisco Ruiz de Infante<\/a>&nbsp;(Transarte, Frac Lorraine \/ es-fr)<br \/>\nHall MNBA&nbsp;\/ 21:00 hrs.<br \/>\n<em><strong>12 OCTUBRE<br \/>\n<\/strong><\/em><b>Podcast: Sobre las espaldas de los gigantes (<\/b>Traducci\u00f3n radial en tiempo real)<br \/>\n<a title=\"Millaray Lobos\" href=\"\/?p=629\">Millaray Lobos<\/a>&nbsp;(Transarte, Frac Lorraine, fr\/cl)<br \/>\nSala Chile &#8211; MNBA&nbsp;\/ 16:00 hrs.<br \/>\n<em><b>19 OCTUBRE<\/b><\/em><br \/>\n<b>Resistance<\/b><br \/>\nRoman Ondak (sk) \/&nbsp;Implementado por: Danza Universidad de Chile<br \/>\nHall MNBA<strong>&nbsp;\/&nbsp;<\/strong>16:00 hrs.<br \/>\n<b><em>25 OCTUBRE<\/em><br \/>\n<\/b><b>Defunci\u00f3n Electr\u00f3nica<\/b><br \/>\n<a title=\"Mauricio Zepeda\" href=\"\/?p=1598\">Mauricio Zepeda<\/a>&nbsp;(cl)<br \/>\n&#8211;<br \/>\n<b>Crips&nbsp;<\/b>Performance interactiva&nbsp;<b><br \/>\n<\/b><a title=\"Trimex\" href=\"\/?p=2232\">Trimex Crew<\/a>&nbsp;(cl)<br \/>\nHall MNBA<strong>&nbsp;\/&nbsp;<\/strong>22:00 hrs.<br \/>\n<b><em>26 OCTUBRE<\/em><br \/>\n<\/b><b>Constatation de la presence\u2026<\/b><br \/>\nAngels Rib\u00e9 \/&nbsp;Implementado por: Escuela de Teatro de la Universidad de Chile<br \/>\n&#8211;<br \/>\n<b>Entrevidas<br \/>\n<\/b>Anna Maria Maiolino<b>&nbsp;<\/b>\/&nbsp;Implementado por: Escuela de Artes Visuales de la Universidad de Chile<br \/>\nHall MNBA<strong>&nbsp;\/<\/strong>&nbsp;16:30 hrs.<br \/>\n<em><b>2 NOVIEMBRE<\/b><\/em><br \/>\n<b>Exchange of Handwriting<br \/>\n<\/b>Jiri<b>&nbsp;<\/b>Skala<b>&nbsp;<\/b>(cz) \/&nbsp;Implementado por: Escuela de Teatro de la Universidad de Chile<br \/>\nHall MNBA&nbsp;\/ 16:00 hrs.<br \/>\n<b><em>9 NOVIEMBRE<\/em><br \/>\n<\/b><b>Intime et personnel<br \/>\n<\/b>Esther Ferrer (es) \/&nbsp;Implementado por: Escuela de&nbsp;Danza de la Universidad de Chile<br \/>\nHall MNBA<strong>&nbsp;\/&nbsp;<\/strong>16:00 hrs.<br \/>\n<b><em>16 NOVIEMBRE<\/em><br \/>\n<\/b><b>Crowd 2004<br \/>\n<\/b>Roman Ondak (sk) \/&nbsp;Implementado por: Escuelas de&nbsp;Danza, Teatro y Audiovisual Universidad de Chile<br \/>\nHall MNBA<strong>&nbsp;\/<\/strong>&nbsp;16:30 hrs.<br \/>\n<b>&nbsp;<\/b><\/p>\n","protected":false},"excerpt":{"rendered":"<p>The performance series is developed as an integration of body and medial device in relation to various technologies &#8211; analog and digital &#8211; that represent the evolution of humans and machines faced globally distributed information on networks. An important partnership between the Museum Frac Lorraine , the Department of Theatre and Dance at the University [&hellip;]<\/p>\n","protected":false},"author":1,"featured_media":0,"parent":0,"menu_order":0,"comment_status":"closed","ping_status":"closed","template":"performances.php","meta":{"footnotes":""},"class_list":["post-1989","page","type-page","status-publish","hentry"],"_links":{"self":[{"href":"https:\/\/11.bienaldeartesmediales.cl\/en\/wp-json\/wp\/v2\/pages\/1989","targetHints":{"allow":["GET"]}}],"collection":[{"href":"https:\/\/11.bienaldeartesmediales.cl\/en\/wp-json\/wp\/v2\/pages"}],"about":[{"href":"https:\/\/11.bienaldeartesmediales.cl\/en\/wp-json\/wp\/v2\/types\/page"}],"author":[{"embeddable":true,"href":"https:\/\/11.bienaldeartesmediales.cl\/en\/wp-json\/wp\/v2\/users\/1"}],"replies":[{"embeddable":true,"href":"https:\/\/11.bienaldeartesmediales.cl\/en\/wp-json\/wp\/v2\/comments?post=1989"}],"version-history":[{"count":1,"href":"https:\/\/11.bienaldeartesmediales.cl\/en\/wp-json\/wp\/v2\/pages\/1989\/revisions"}],"predecessor-version":[{"id":3134,"href":"https:\/\/11.bienaldeartesmediales.cl\/en\/wp-json\/wp\/v2\/pages\/1989\/revisions\/3134"}],"wp:attachment":[{"href":"https:\/\/11.bienaldeartesmediales.cl\/en\/wp-json\/wp\/v2\/media?parent=1989"}],"curies":[{"name":"wp","href":"https:\/\/api.w.org\/{rel}","templated":true}]}}