{"id":1803,"date":"2013-09-09T19:36:12","date_gmt":"2013-09-09T19:36:12","guid":{"rendered":"https:\/\/11bienal.dreamhosters.com?page_id=1803"},"modified":"2022-02-08T13:04:50","modified_gmt":"2022-02-08T16:04:50","slug":"film-selection","status":"publish","type":"page","link":"https:\/\/11.bienaldeartesmediales.cl\/en\/film-selection\/","title":{"rendered":"Film selection"},"content":{"rendered":"<p><span style=\"text-decoration: underline\">Sal\u00f3n Jos\u00e9 Miguel Blanco &#8211; MNBA<\/span><br \/>\n<strong>PDF program in spanish here:&nbsp;<a title=\"Programa_documentales_11bam\">Programa_documentales<\/a><br \/>\n<\/strong><br \/>\n<em><b><\/b><\/em><b><em>10 OCTOBER<\/em><br \/>\n<\/b>17:00 a 19:00 hrs.<br \/>\n<b>At Home<\/b><b> \/<\/b> Interactive film \/ Nathalie Cloutier, Michelle Van Beusekom, Maral Mohammadian, Hugues Swenney \/ Duraci\u00f3n variable \/ 2012 \/ Canada<br \/>\n<b><em>11&nbsp;<b><em>&nbsp;OCTOBER<\/em><\/b><\/em><br \/>\n<\/b>17:00 a 19:00 hrs<br \/>\n<b>Das Ne<\/b><strong>tz: The Unabomber, LSD and the Internet<\/strong> \/ Documental \/ Lutz Dammbeck \/ 121&#8242; \/ 2003 \/ Alemania<br \/>\n<b><em>12&nbsp;<b><em>&nbsp;OCTOBER<\/em><\/b><\/em><br \/>\n<\/b>16:00 a 17:00 hrs<br \/>\n<b>Variaciones espectrales<\/b><b> \/ <\/b>Documental<b> <\/b>\/ Carlos L\u00e9rtora \/ 55\u2019 \/ 2013 \/ Chile<br \/>\n<em><b>13&nbsp;<b><em>&nbsp;OCTOBER<\/em><\/b><br \/>\n<\/b><\/em>16:30 a 18:00 hrs<br \/>\n<b>Rachel<\/b><b> \/<\/b> Film \/ Sim\u00f3n Bitone \/ 100&#8242; \/ 2009 \/ Francia &#8211; Belgica<br \/>\n<b><em>16&nbsp;<b><em>&nbsp;OCTOBER<\/em><\/b><\/em><br \/>\n<\/b>17:00 a 19:00 hrs.<br \/>\n<b>We Feel Fine<\/b> \/ Interactive film&nbsp;\/ Jonathan Harris and Sep Kamvar \/ Duraci\u00f3n variable \/ 2005-6 \/ Canada<br \/>\n<b><em>17&nbsp;<b><em>&nbsp;OCTOBER<\/em><\/b><\/em><br \/>\n<\/b>17:00 \u2013 18:30 hrs.<br \/>\n<b>Nostalgia de la luz<\/b> \/ Film \/ Patricio Guzm\u00e1n \/ 90\u2019 \/ 2011 \/ Chile, Francia, Alemania<br \/>\n<b><em>18&nbsp;<b><em>&nbsp;OCTOBER<\/em><\/b><\/em><br \/>\n<\/b>17:00 \u2013 18:30 hrs.<br \/>\n<b>Free Radicals \/<\/b>&nbsp;Film \/ Pip Chodorov \/ 82 minutos \/ 2012 \/ Francia<br \/>\n<b><em>20&nbsp;<b><em>&nbsp;OCTOBER<\/em><\/b><\/em><br \/>\n<\/b>16:30 a 18:00 hrs.<br \/>\n<b>El destapador<\/b><b>&nbsp;\/ <\/b>Shortfilm<b> \/<\/b>&nbsp;Selecci\u00f3n &nbsp;Escuela FECISO \/&nbsp;Chile<br \/>\nConversatorio con Jos\u00e9 Luis Sep\u00falveda (cl) y Carolina Adriazola (cl)<br \/>\n<b><em>23&nbsp;<b><em>&nbsp;OCTOBER<\/em><\/b><\/em><br \/>\n<\/b>17:00 a 18:30 hrs.<br \/>\n<b>My Tribe Is My Life<\/b><b> <\/b>\/ Interactive film \/ Deux Huit Huit \/ Duraci\u00f3n variable \/ 2011 \/ Canada<br \/>\n<b><em>24&nbsp;<b><em>&nbsp;OCTOBER<\/em><\/b><\/em><br \/>\n<\/b>17:00 a 18:30 hrs.<br \/>\n<b>Sibila <\/b>\/ Documental \/ Teresa Arredondo\/&nbsp;94&#8242; \/ 2012 \/ Chile, Espa\u00f1a<br \/>\n<b><em>25&nbsp;<b><em>&nbsp;OCTOBER<\/em><\/b><\/em><br \/>\n<\/b>17:00 a 18:30 hrs.<br \/>\n<b>P\u00e1nico: la banda que busc\u00f3 el sonido debajo<i>&nbsp;<\/i><\/b>\/ James Schneider <i>|<\/i> 86\u2019 \/ 2011 \/ Francia, Chile<b><br \/>\n<\/b><br \/>\n<b><em>27&nbsp;<b><em>&nbsp;OCTOBER<\/em><\/b><\/em><br \/>\n<\/b>16:30 a 18:00 hrs.<br \/>\n<b>La Casa Lobo<\/b><b>&nbsp;\/ <\/b>Film<b> \/&nbsp;<\/b>Cristobal Leon &amp; Joaqu\u00edn Coci\u00f1a (Artistas visuales) \/ Chile<br \/>\n<b><em>30&nbsp;<b><em>&nbsp;OCTOBER<\/em><\/b><\/em><br \/>\n<\/b>17:00 a 18:30 hrs.<br \/>\n<b>Arrebato<\/b>&nbsp;\/ Film&nbsp;\/<b> <\/b>Iv\u00e1n Zulueta \/ 105&#8242; \/ 1979 \/ Espa\u00f1a<br \/>\n<b><em>31&nbsp;<b><em>&nbsp;OCTOBER<\/em><\/b><\/em><br \/>\n<\/b>17:00 a 18:30 hrs.<br \/>\n<b>Irma Vep<\/b><b>&nbsp;\/ Film<\/b>&nbsp;\/ Olivier Assayas \/ 97\u2019 \/ 1996 \/ Francia<br \/>\n<b><em>3 NOVEMBER<\/em><br \/>\n<\/b>16:30 \u2013 18:30 hrs.<br \/>\n<b>Los amantes regulares<\/b><b>&nbsp;\/ <\/b>Film&nbsp;\/ Philippe Garrel \/ 178\u2019 \/ 2005 \/ Francia<br \/>\n<b><em>5&nbsp;<b><em>NOVEMBER<\/em><\/b><\/em><br \/>\n<\/b>17:00 a 18:30 hrs.<br \/>\n<b>Electronic Theater, festival de animaci\u00f3n<\/b><b><br \/>\n<\/b>Presented by Paul Debevec (Vice president ACM SIGGRAPH)<br \/>\n<b><em>6&nbsp;<b><em>NOVEMBER<\/em><\/b><\/em><br \/>\n<\/b>17:00 \u2013 18:30 hrs.<br \/>\n<b>Los Materiales<\/b><b>&nbsp;\/ <\/b>Film&nbsp;\/ Colectivo Los hijos \/ 75&#8242; \/ 2009 \/ Espa\u00f1a<br \/>\n<b><em>7&nbsp;<b><em>NOVEMBER<\/em><\/b><\/em><br \/>\n<\/b>17:00 a 18:30 hrs.<br \/>\n<b>A Journal of Insomnia<\/b><b> \/ <\/b>Interactive film \/ producido por Hugues Sweeney y creado por Bruno Choiniere, Philippe Lambert, Thibaut Duverneix and Guillaume Braun \/ Duraci\u00f3n variable \/ 2013 \/ Canada<br \/>\n<b><em>8&nbsp;<b><em>NOVEMBER<\/em><\/b><\/em><br \/>\n<\/b>17:00 a 18:30 hrs.<br \/>\n<b>Cortometrajes de Andr\u00e9s Duque<\/b><b>&nbsp;<\/b>\/ Shortfilm \/ Andr\u00e9s Duque \/ Duraci\u00f3n variable \/ Venezuela<br \/>\n<b><em>13&nbsp;<b><em>NOVEMBER<\/em><\/b><\/em><br \/>\n<\/b>17:00 A 18:30 hrs.<br \/>\n<b>Inkarri, 500 a\u00f1os de resistencia del esp\u00edritu Inka en el Per\u00fa<\/b><b>&nbsp;\/ <\/b>Film&nbsp;\/ Jos\u00e9 Huam\u00e1n \/ 89&#8242; \/ 2012 \/ Per\u00fa.<br \/>\n<b><em>14&nbsp;<b><em>NOVEMBER<\/em><\/b><\/em><br \/>\n<\/b>17:00 \u2013 17:20 hrs.<br \/>\n<b>El balc\u00f3n de Italo<\/b><b>&nbsp;<\/b>\/ Film \/ Peter Kroeger \/ 19\u00b4 \/ 2011 \/ Chile \/<br \/>\n<b><em>15&nbsp;<b><em>NOVEMBER<\/em><\/b><\/em><br \/>\n<\/b>17:00 \u2013 18:30 hrs.<br \/>\n<strong>Screening of the John Downey contest finalists<\/strong><\/p>\n","protected":false},"excerpt":{"rendered":"<p>Sal\u00f3n Jos\u00e9 Miguel Blanco &#8211; MNBA PDF program in spanish here:&nbsp;Programa_documentales 10 OCTOBER 17:00 a 19:00 hrs. At Home \/ Interactive film \/ Nathalie Cloutier, Michelle Van Beusekom, Maral Mohammadian, Hugues Swenney \/ Duraci\u00f3n variable \/ 2012 \/ Canada 11&nbsp;&nbsp;OCTOBER 17:00 a 19:00 hrs Das Netz: The Unabomber, LSD and the Internet \/ Documental \/ [&hellip;]<\/p>\n","protected":false},"author":1,"featured_media":0,"parent":0,"menu_order":0,"comment_status":"closed","ping_status":"closed","template":"","meta":{"footnotes":""},"class_list":["post-1803","page","type-page","status-publish","hentry"],"_links":{"self":[{"href":"https:\/\/11.bienaldeartesmediales.cl\/en\/wp-json\/wp\/v2\/pages\/1803","targetHints":{"allow":["GET"]}}],"collection":[{"href":"https:\/\/11.bienaldeartesmediales.cl\/en\/wp-json\/wp\/v2\/pages"}],"about":[{"href":"https:\/\/11.bienaldeartesmediales.cl\/en\/wp-json\/wp\/v2\/types\/page"}],"author":[{"embeddable":true,"href":"https:\/\/11.bienaldeartesmediales.cl\/en\/wp-json\/wp\/v2\/users\/1"}],"replies":[{"embeddable":true,"href":"https:\/\/11.bienaldeartesmediales.cl\/en\/wp-json\/wp\/v2\/comments?post=1803"}],"version-history":[{"count":1,"href":"https:\/\/11.bienaldeartesmediales.cl\/en\/wp-json\/wp\/v2\/pages\/1803\/revisions"}],"predecessor-version":[{"id":3128,"href":"https:\/\/11.bienaldeartesmediales.cl\/en\/wp-json\/wp\/v2\/pages\/1803\/revisions\/3128"}],"wp:attachment":[{"href":"https:\/\/11.bienaldeartesmediales.cl\/en\/wp-json\/wp\/v2\/media?parent=1803"}],"curies":[{"name":"wp","href":"https:\/\/api.w.org\/{rel}","templated":true}]}}